{"id":3,"date":"2021-04-07T10:29:33","date_gmt":"2021-04-07T08:29:33","guid":{"rendered":"https:\/\/activ8you.es\/?page_id=3"},"modified":"2021-05-31T17:12:19","modified_gmt":"2021-05-31T15:12:19","slug":"privacy-policy","status":"publish","type":"page","link":"https:\/\/www.a8y-dev.xyz\/en\/privacy-policy\/","title":{"rendered":"Privacy Policy"},"content":{"rendered":"\t\t<div data-elementor-type=\"wp-page\" data-elementor-id=\"3\" class=\"elementor elementor-3\">\n\t\t\t\t\t\t<div class=\"elementor-inner\">\n\t\t\t\t<div class=\"elementor-section-wrap\">\n\t\t\t\t\t\t\t\t\t<section class=\"elementor-section elementor-top-section elementor-element elementor-element-a9f8da1 elementor-section-boxed elementor-section-height-default elementor-section-height-default\" data-id=\"a9f8da1\" data-element_type=\"section\">\n\t\t\t\t\t\t<div class=\"elementor-container elementor-column-gap-default\">\n\t\t\t\t\t\t\t<div class=\"elementor-row\">\n\t\t\t\t\t<div class=\"elementor-column elementor-col-100 elementor-top-column elementor-element elementor-element-aae11e9\" data-id=\"aae11e9\" data-element_type=\"column\">\n\t\t\t<div class=\"elementor-column-wrap elementor-element-populated\">\n\t\t\t\t\t\t\t<div class=\"elementor-widget-wrap\">\n\t\t\t\t\t\t<div class=\"elementor-element elementor-element-e7ceea0 elementor-widget elementor-widget-heading\" data-id=\"e7ceea0\" data-element_type=\"widget\" data-widget_type=\"heading.default\">\n\t\t\t\t<div class=\"elementor-widget-container\">\n\t\t\t<h1 class=\"elementor-heading-title elementor-size-default\">Pol\u00edtica de privacidad<\/h1>\t\t<\/div>\n\t\t\t\t<\/div>\n\t\t\t\t<div class=\"elementor-element elementor-element-214f37e elementor-widget elementor-widget-text-editor\" data-id=\"214f37e\" data-element_type=\"widget\" data-widget_type=\"text-editor.default\">\n\t\t\t\t<div class=\"elementor-widget-container\">\n\t\t\t\t\t\t\t\t<div class=\"elementor-text-editor elementor-clearfix\">\n\t\t\t\t<p>\u00daltima Modificaci\u00f3n El 4 De Abril De 2018.<\/p><p>Activ8you Se Compromete A Proteger Su Privacidad. Esta Pol\u00edtica De Privacidad Le Informa Acerca De Nuestra Colecci\u00f3n En L\u00ednea, Uso Y Divulgaci\u00f3n De Informaci\u00f3n Personal. Los T\u00e9rminos De Esta Pol\u00edtica Son Aplicables A Toda La Informaci\u00f3n Personal Recogida Por Activ8you En El Sitio Web Y Otros Sitios Web Activ8you.com Activ8you Espec\u00edficas De Cada Pa\u00eds Que Est\u00e1n Vinculados A Activ8you.com.<\/p><p>La Informaci\u00f3n Demogr\u00e1fica (Por Ejemplo, Su Ocupaci\u00f3n, Pasatiempos, G\u00e9nero O Intereses) Tambi\u00e9n Se Puede Recopilar Y Se Puede Vincular A Su Informaci\u00f3n Personal. Solo Recopilamos Informaci\u00f3n Personal Sobre Usted Una Vez Que Nos Ha Brindado Su Consentimiento Para Recopilar Esa Informaci\u00f3n Espec\u00edfica. Al Proporcionarnos Voluntariamente Esta Informaci\u00f3n, Usted Acepta La Recopilaci\u00f3n Y El Uso De Su Informaci\u00f3n Personal Seg\u00fan Lo Establecido En Esta Pol\u00edtica De Privacidad.<\/p><p>Informaci\u00f3n Recopilada Cuando Realiza Una Reserva O Pedido, Incluidos Su Nombre, Direcci\u00f3n De Facturaci\u00f3n, Direcci\u00f3n De Correo Electr\u00f3nico Y N\u00famero De Tel\u00e9fono.<br \/>Tenga En Cuenta Que No Recopilamos Los Datos De La Tarjeta De Cr\u00e9dito Porque Usamos Pasarelas De Pago Para Procesar Su (S) Pedido (S).<\/p><p>Siempre Puede Optar Por No Proporcionar Informaci\u00f3n Personal, Pero Si As\u00ed Lo Desea, Es Posible Que Los Productos Y Servicios Ofrecidos No Est\u00e9n Disponibles Para Usted. Activ8you Recopila Y Usa Su Informaci\u00f3n Personal Para: A Excepci\u00f3n De Lo Establecido En Esta Pol\u00edtica De Privacidad, Activ8you No Divulga Ni Vende Su Informaci\u00f3n Personal A Ning\u00fan Tercero. Podemos Divulgar Su Informaci\u00f3n Personal A Terceros Proveedores De Servicios Que Prestan Servicios En Nuestro Nombre. Por Ejemplo, Podemos Contratar A Otras Compa\u00f1\u00edas Para Manejar El Procesamiento De Pagos, Proporcionar Almacenamiento De Datos, Alojar Sitios Web, Cumplir Pedidos Y Env\u00edos, Ayudar En Marketing, Realizar Auditor\u00edas, Etc. Esos Proveedores De Servicios Externos (I) Se Les Permitir\u00e1 Obtener Solo La Informaci\u00f3n Personal Que Necesitan Para Proporcionar El Servicio, (Ii) Deben Proteger La Informaci\u00f3n Personal En La Misma Medida Que Activ8you, Y (Iii) Se Les Prohibir\u00e1 Usarla Para Cualquier Otro Prop\u00f3sito.<\/p><p>Nos Reservamos El Derecho De Divulgar Su Informaci\u00f3n Personal Si As\u00ed Lo Exige O Permite La Ley.<br \/>La Seguridad De Su Informaci\u00f3n Personal Es Importante Para Nosotros. Seguimos Est\u00e1ndares De La Industria Generalmente Aceptados Para Ayudar A Proteger Su Informaci\u00f3n Personal, Incluidos, Entre Otros: Ning\u00fan M\u00e9todo De Transmisi\u00f3n Por Internet O M\u00e9todo De Almacenamiento Electr\u00f3nico Es 100% Seguro. Por Lo Tanto, Aunque Nos Esforzamos Por Proteger Su Informaci\u00f3n Personal, No Podemos Garantizar Su Seguridad Absoluta.<\/p><p>Cuando Visita Este Sitio, Ciertos Tipos De Informaci\u00f3n No Personal, Como El Sitio Web Que Lo Refiri\u00f3 A Nosotros, Su Direcci\u00f3n IP, El Tipo De Navegador Y El Idioma, Y \u200b\u200bLos Horarios De Acceso, Pueden Recopilarse Autom\u00e1ticamente Como Parte Del Funcionamiento Del Sitio. Tambi\u00e9n Podemos Recopilar Informaci\u00f3n De Navegaci\u00f3n, Incluida Informaci\u00f3n Sobre Las P\u00e1ginas Que Visita, Los Enlaces En Los Que Hace Clic Y Otras Acciones Relacionadas Con El Sitio. Tambi\u00e9n Utilizamos Cookies En Nuestro Sitio Web Para Presentar El Contenido M\u00e1s Relevante A Los Visitantes Del Sitio Web. Sin Embargo, De Ninguna Manera Activ8you.com Asocia Estos Datos No Personales Con Los Datos Personales Recopilados Por Usted.<\/p><p>Adem\u00e1s, Activ8you.com Permite A Determinadas Entidades De Terceros Establecer Y Acceder A Los Datos De Cookies De Los Usuarios A Fin De Adaptar Las Experiencias Publicitarias Personalizadas Relacionadas Con Los Productos De Activ8you.com. Estas Cookies Tampoco Est\u00e1n Asociadas A Ning\u00fan Tipo De Informaci\u00f3n Personal. El Uso De Cookies De Terceros Est\u00e1 Sujeto A Los T\u00e9rminos De La Pol\u00edtica De Privacidad De Las Respectivas Compa\u00f1\u00edas. Activ8you.com No Es Responsable De Las Acciones De La Empresa De Terceros.<\/p><p>Nos Reservamos El Derecho De Cambiar Los T\u00e9rminos De Esta Pol\u00edtica De Privacidad En Cualquier Momento. Cuando Hagamos Cambios, Revisaremos La Fecha De &#8220;\u00daltima Actualizaci\u00f3n&#8221; En La Parte Superior De La Pol\u00edtica.<\/p><p>Si Hay Cambios Sustanciales En Esta Declaraci\u00f3n O En C\u00f3mo Activ8ou Utilizar\u00e1 Su Informaci\u00f3n Personal, Se Lo Notificaremos Publicando De Forma Destacada Un Aviso De Dichos Cambios Aqu\u00ed O En Nuestra P\u00e1gina De Inicio, O Envi\u00e1ndole Un Correo Electr\u00f3nico.<\/p><p>Le Recomendamos Que Revise Esta Pol\u00edtica Cada Vez Que Visite Uno De Nuestros Sitios.<\/p>\t\t\t\t\t<\/div>\n\t\t\t\t\t\t<\/div>\n\t\t\t\t<\/div>\n\t\t\t\t\t\t<\/div>\n\t\t\t\t\t<\/div>\n\t\t<\/div>\n\t\t\t\t\t\t\t\t<\/div>\n\t\t\t\t\t<\/div>\n\t\t<\/section>\n\t\t\t\t\t\t\t\t\t<\/div>\n\t\t\t<\/div>\n\t\t\t\t\t<\/div>\n\t\t","protected":false},"excerpt":{"rendered":"<p>Pol\u00edtica de privacidad \u00daltima Modificaci\u00f3n El 4 De Abril De 2018. Activ8you Se Compromete A Proteger Su Privacidad. Esta Pol\u00edtica De Privacidad Le Informa Acerca De Nuestra Colecci\u00f3n En L\u00ednea, Uso Y Divulgaci\u00f3n De Informaci\u00f3n Personal. Los T\u00e9rminos De Esta Pol\u00edtica Son Aplicables A Toda La Informaci\u00f3n Personal Recogida Por Activ8you En El Sitio Web [&hellip;]<\/p>\n","protected":false},"author":2,"featured_media":0,"parent":0,"menu_order":101,"comment_status":"closed","ping_status":"closed","template":"","meta":{"ngg_post_thumbnail":0},"acf":[],"_links":{"self":[{"href":"https:\/\/www.a8y-dev.xyz\/en\/wp-json\/wp\/v2\/pages\/3"}],"collection":[{"href":"https:\/\/www.a8y-dev.xyz\/en\/wp-json\/wp\/v2\/pages"}],"about":[{"href":"https:\/\/www.a8y-dev.xyz\/en\/wp-json\/wp\/v2\/types\/page"}],"author":[{"embeddable":true,"href":"https:\/\/www.a8y-dev.xyz\/en\/wp-json\/wp\/v2\/users\/2"}],"replies":[{"embeddable":true,"href":"https:\/\/www.a8y-dev.xyz\/en\/wp-json\/wp\/v2\/comments?post=3"}],"version-history":[{"count":0,"href":"https:\/\/www.a8y-dev.xyz\/en\/wp-json\/wp\/v2\/pages\/3\/revisions"}],"wp:attachment":[{"href":"https:\/\/www.a8y-dev.xyz\/en\/wp-json\/wp\/v2\/media?parent=3"}],"curies":[{"name":"wp","href":"https:\/\/api.w.org\/{rel}","templated":true}]}}