{"id":397,"date":"2021-04-20T17:52:35","date_gmt":"2021-04-20T15:52:35","guid":{"rendered":"https:\/\/activ8you.es\/?page_id=397"},"modified":"2021-05-31T17:12:30","modified_gmt":"2021-05-31T15:12:30","slug":"terms-and-conditions","status":"publish","type":"page","link":"https:\/\/www.a8y-dev.xyz\/en\/terms-and-conditions\/","title":{"rendered":"Terms and Conditions"},"content":{"rendered":"\t\t<div data-elementor-type=\"wp-page\" data-elementor-id=\"397\" class=\"elementor elementor-397\">\n\t\t\t\t\t\t<div class=\"elementor-inner\">\n\t\t\t\t<div class=\"elementor-section-wrap\">\n\t\t\t\t\t\t\t\t\t<section class=\"elementor-section elementor-top-section elementor-element elementor-element-445e8f3 elementor-section-boxed elementor-section-height-default elementor-section-height-default\" data-id=\"445e8f3\" data-element_type=\"section\">\n\t\t\t\t\t\t<div class=\"elementor-container elementor-column-gap-default\">\n\t\t\t\t\t\t\t<div class=\"elementor-row\">\n\t\t\t\t\t<div class=\"elementor-column elementor-col-100 elementor-top-column elementor-element elementor-element-26a2ed5\" data-id=\"26a2ed5\" data-element_type=\"column\">\n\t\t\t<div class=\"elementor-column-wrap elementor-element-populated\">\n\t\t\t\t\t\t\t<div class=\"elementor-widget-wrap\">\n\t\t\t\t\t\t<div class=\"elementor-element elementor-element-2de1c16 elementor-widget elementor-widget-heading\" data-id=\"2de1c16\" data-element_type=\"widget\" data-widget_type=\"heading.default\">\n\t\t\t\t<div class=\"elementor-widget-container\">\n\t\t\t<h1 class=\"elementor-heading-title elementor-size-default\">T\u00e9rminos y condiciones<\/h1>\t\t<\/div>\n\t\t\t\t<\/div>\n\t\t\t\t<div class=\"elementor-element elementor-element-5bd3d6c elementor-widget elementor-widget-text-editor\" data-id=\"5bd3d6c\" data-element_type=\"widget\" data-widget_type=\"text-editor.default\">\n\t\t\t\t<div class=\"elementor-widget-container\">\n\t\t\t\t\t\t\t\t<div class=\"elementor-text-editor elementor-clearfix\">\n\t\t\t\t<h2>POL\u00cdTICA DE PAGO<\/h2><p>Todos los Tours y Paquetes de Actividades, -Eventos, -Cursos, -Seminarios, -Vacaciones requieren pago de la siguiente manera:<\/p><ul><li>1. Para todas las reservas de menos de 200 \u20ac, se requiere el pago total al momento de la reserva.<\/li><li>2. Para todas las reservas entre 200 \u20ac y 1000 \u20ac se requiere un dep\u00f3sito del 25% al \u200b\u200bmomento de la reserva.<\/li><li>3. Para todas las reservas de m\u00e1s de 1000 \u20ac se requiere un dep\u00f3sito del 33% al momento de la reserva.<\/li><li>4. Para todas las reservas de paquetes de eventos, cursos, seminarios y vacaciones, el pago del saldo debe pagarse 10 d\u00edas antes de la fecha de inicio.<\/li><li>5. Para todas las reservas de Tours de Actividades, el pago del saldo se debe hacer al menos 1 d\u00eda antes de la fecha del tour.<\/li><li>6. Si el saldo restante no se recibe 1 d\u00eda antes de la fecha de llegada, perder\u00e1 el dep\u00f3sito y se cancelar\u00e1 su reserva. Aseg\u00farese de contactarnos para realizar este pago.<\/li><li>7. Para todas las reservas de paquetes realizadas dentro de los 10 d\u00edas y para la reserva del Tours de actividades realizadas dentro de 1 d\u00eda antes de llegada, el pago debe realizarse en su totalidad al momento de la reserva.<\/li><li>8. Los pagos pueden hacerse con tarjeta de cr\u00e9dito, transferencia electr\u00f3nica de banca en l\u00ednea y, en algunos casos, transferencia bancaria fuera de l\u00ednea.<\/li><li>9. Todos los recibos de pago se le pueden enviar por correo electr\u00f3nico y se guardar\u00e1n en el archivo hasta su llegada.<\/li><\/ul><h2>POL\u00cdTICA DE CANCELACI\u00d3N<\/h2><p>Si necesita cancelar su reserva debemos ser notificados de la cancelaci\u00f3n por correo electr\u00f3nico. Los gastos de cancelaci\u00f3n ser\u00e1n efectivos a partir de la fecha y la hora de recibir notificaci\u00f3n por correo electr\u00f3nico de la siguiente manera:<\/p><ul><li>A. Reserva del Tour de Actividad: m\u00e1s de 24 horas antes de la fecha del tour 100% de reembolso<\/li><li>B. Reserva del Tour de Actividad: dentro de las 24 horas de la fecha del tour &#8211; Sin reembolso<\/li><li>C. Reserva del paquete: 60 o m\u00e1s d\u00edas antes de la fecha de llegada &#8211; 85% de reembolso del deposito<\/li><li>D. reserva del paquete: menos de 59 d\u00edas y m\u00e1s de 10 d\u00edas de la fecha de llegada &#8211; No hay devoluci\u00f3n del dep\u00f3sito<\/li><li>E. Reserva de paquete: dentro de los 10 d\u00edas antes de la fecha de llegada &#8211; Sin reembolso<\/li><li>F. No aparece &#8211; No hay reembolso<\/li><\/ul><h2>DESCARGO DE RESPONSABILIDAD<\/h2><p>Debido al hecho de que la mayor\u00eda de nuestras actividades son al aire libre, ciertas situaciones (fuerzas de la naturaleza) pueden obligarnos a cancelar nuestra actividad; tambi\u00e9n un colaborador externo puede causar la cancelaci\u00f3n de una actividad sin previo aviso; En estas situaciones, reprogramaremos o reembolsaremos el 100% de todo el dinero pagado.<\/p><p><em>Activ8you se reserva el derecho de cancelar cualquier actividad programada, paquete y \/ o excursiones de un d\u00eda en cualquier momento. Si surge tal situaci\u00f3n, se le notificar\u00e1 lo antes posible (por correo electr\u00f3nico). Como resultado de dicha cancelaci\u00f3n, se le reembolsar\u00e1 el 100% de todo el dinero pagado.<\/em><\/p><h2>POL\u00cdTICA DE SEGUROS<\/h2><p>Todas las actividades est\u00e1n cubiertas por un seguro de accidentes y responsabilidad civil.<\/p><p>Nuestro seguro no cubre las pertenencias personales como equipo de c\u00e1mara, tel\u00e9fono m\u00f3vil, gafas de sol, ropa, etc.<\/p><p>\u00a0<\/p><p>\u00a0<\/p><p>\u00a0<\/p><p>\u00a0<\/p><p><img decoding=\"async\" id=\"hola-icon-globe\" style=\"top: 688.4375px; left: -45px;\" src=\"safari-extension:\/\/BF19E3D5-F18A-409C-9358-15BFE05486B9\/1aee0930\/iconGlobeBlack.png\" \/><\/p>\t\t\t\t\t<\/div>\n\t\t\t\t\t\t<\/div>\n\t\t\t\t<\/div>\n\t\t\t\t\t\t<\/div>\n\t\t\t\t\t<\/div>\n\t\t<\/div>\n\t\t\t\t\t\t\t\t<\/div>\n\t\t\t\t\t<\/div>\n\t\t<\/section>\n\t\t\t\t\t\t\t\t\t<\/div>\n\t\t\t<\/div>\n\t\t\t\t\t<\/div>\n\t\t","protected":false},"excerpt":{"rendered":"<p>T\u00e9rminos y condiciones POL\u00cdTICA DE PAGO Todos los Tours y Paquetes de Actividades, -Eventos, -Cursos, -Seminarios, -Vacaciones requieren pago de la siguiente manera: 1. Para todas las reservas de menos de 200 \u20ac, se requiere el pago total al momento de la reserva. 2. Para todas las reservas entre 200 \u20ac y 1000 \u20ac se [&hellip;]<\/p>\n","protected":false},"author":2,"featured_media":0,"parent":0,"menu_order":102,"comment_status":"closed","ping_status":"closed","template":"","meta":{"ngg_post_thumbnail":0},"acf":[],"_links":{"self":[{"href":"https:\/\/www.a8y-dev.xyz\/en\/wp-json\/wp\/v2\/pages\/397"}],"collection":[{"href":"https:\/\/www.a8y-dev.xyz\/en\/wp-json\/wp\/v2\/pages"}],"about":[{"href":"https:\/\/www.a8y-dev.xyz\/en\/wp-json\/wp\/v2\/types\/page"}],"author":[{"embeddable":true,"href":"https:\/\/www.a8y-dev.xyz\/en\/wp-json\/wp\/v2\/users\/2"}],"replies":[{"embeddable":true,"href":"https:\/\/www.a8y-dev.xyz\/en\/wp-json\/wp\/v2\/comments?post=397"}],"version-history":[{"count":0,"href":"https:\/\/www.a8y-dev.xyz\/en\/wp-json\/wp\/v2\/pages\/397\/revisions"}],"wp:attachment":[{"href":"https:\/\/www.a8y-dev.xyz\/en\/wp-json\/wp\/v2\/media?parent=397"}],"curies":[{"name":"wp","href":"https:\/\/api.w.org\/{rel}","templated":true}]}}