{"id":8835,"date":"2021-04-20T17:52:35","date_gmt":"2021-04-20T15:52:35","guid":{"rendered":"https:\/\/activ8you.es\/voorwaarden\/"},"modified":"2021-12-14T11:41:19","modified_gmt":"2021-12-14T10:41:19","slug":"voorwaarden","status":"publish","type":"page","link":"https:\/\/www.a8y-dev.xyz\/nl\/voorwaarden\/","title":{"rendered":"Voorwaarden"},"content":{"rendered":"\t\t<div data-elementor-type=\"wp-page\" data-elementor-id=\"8835\" class=\"elementor elementor-8835 elementor-397\">\n\t\t\t\t\t\t<div class=\"elementor-inner\">\n\t\t\t\t<div class=\"elementor-section-wrap\">\n\t\t\t\t\t\t\t\t\t<section class=\"elementor-section elementor-top-section elementor-element elementor-element-445e8f3 elementor-section-boxed elementor-section-height-default elementor-section-height-default\" data-id=\"445e8f3\" data-element_type=\"section\">\n\t\t\t\t\t\t<div class=\"elementor-container elementor-column-gap-default\">\n\t\t\t\t\t\t\t<div class=\"elementor-row\">\n\t\t\t\t\t<div class=\"elementor-column elementor-col-100 elementor-top-column elementor-element elementor-element-26a2ed5\" data-id=\"26a2ed5\" data-element_type=\"column\">\n\t\t\t<div class=\"elementor-column-wrap elementor-element-populated\">\n\t\t\t\t\t\t\t<div class=\"elementor-widget-wrap\">\n\t\t\t\t\t\t<div class=\"elementor-element elementor-element-2de1c16 elementor-widget elementor-widget-heading\" data-id=\"2de1c16\" data-element_type=\"widget\" data-widget_type=\"heading.default\">\n\t\t\t\t<div class=\"elementor-widget-container\">\n\t\t\t<h1 class=\"elementor-heading-title elementor-size-default\">Voorwaarden en voorwaarden<\/h1>\t\t<\/div>\n\t\t\t\t<\/div>\n\t\t\t\t<div class=\"elementor-element elementor-element-5bd3d6c elementor-widget elementor-widget-text-editor\" data-id=\"5bd3d6c\" data-element_type=\"widget\" data-widget_type=\"text-editor.default\">\n\t\t\t\t<div class=\"elementor-widget-container\">\n\t\t\t\t\t\t\t\t<div class=\"elementor-text-editor elementor-clearfix\">\n\t\t\t\t<h2>POLITIEK VAN PAGO<\/h2>\n<p>Todos los Tours y Paquetes de Actividades, -Eventos, -Cursos, -Seminarios, -Vacaciones requieren pago de la siguiente manera:<\/p>\n<ul>\n<li>1. Para todas las reservas de menos de 200 \u20ac, se requiere el pago total al momento de la reserva.<\/li>\n<li>2. Para todas las reservas tussen 200 \u20ac en 1000 \u20ac se requiere un dep\u00f3sito del 25% al \u200b\u200b\u200b\u200bmomento de la reserva.<\/li>\n<li>3. Voor een reservering van \u20ac 1000,- voor een reservering van 33%.<\/li>\n<li>4. Para todas las reservas de paquetes de eventos, cursos, seminarios y vacaciones, el pago del saldo debe pagarse 10 d\u00edas antes de la fecha de inicio.<\/li>\n<li>5. Para todas las reservas de Tours de Actividades, el pago del saldo se debe hacer al menos 1 d\u00eda antes de la fecha del tour.<\/li>\n<li>6. Het restant van het saldo is nog niet bekend 1 dag van te voren, per saldo en te annuleren op reservering. Aseg\u00farese de contactarnos para realizar este pago.<\/li>\n<li>7. Voor de laatste reserveringen van de laatste dag van 10 dagen en voor de reserveringen van de actieve activiteiten van de eerste dag van de reservering, de pagina van de realizarse en de totale moment van de reservering.<\/li>\n<li>8. Los pagos pueden hacerse con tarjeta de cr\u00e9dito, transferencia electronic de banca en line, en algunos casos, transferencia bancaria fuera de l\u00ednea.<\/li>\n<li>9. Todos los recibos de pago se le pueden enviar por correo electronic y se guardar\u00e1n en el archive hasta su llegada.<\/li>\n<\/ul>\n<h2>POL\u00cdTICA DE CANCELACI\u00d3N<\/h2>\n<p>Er is een annuleringsverzoek ingediend voor het annuleren van een elektronische annulering. Losse gasten hebben een vervolg op de volgende berichtgeving gekregen:<\/p>\n<ul>\n<li>A. Reserva del Tour de Actividad: meer dan 24 uur van tevoren van de fecha del tour 100% de reembolso<\/li>\n<li>B. Reserva del Tour de Actividad: dentro de las 24 uur van de fecha del tour &#8211; Sin reembolso<\/li>\n<li>C. Reserva del paquete: 60 o m\u00e1s d\u00edas antes de la fecha de llegada &#8211; 85% de reembolso del deposito<\/li>\n<li>D. reserva del paquete: menos de 59 d\u00edas y m\u00e1s de 10 d\u00edas de la fecha de llegada &#8211; No hay devoluci\u00f3n del dep\u00f3sito<\/li>\n<li>E. Reserva de paquete: dentro de los 10 d\u00edas antes de la fecha de llegada &#8211; Sin reembolso<\/li>\n<li>F. Geen aparece &#8211; Geen hooireembolso<\/li>\n<\/ul>\n<h2>DESCARGO DE RESPONSABILIDAD<\/h2>\n<p>Debido al hecho de que la mayor\u00eda de nuestras actividades son al aire libre, ciertas situaciones (fuerzas de la naturaleza) pueden obligarnos a cancelar nuestra actividad; aan een externe medewerkende oorzaak van de annulatie van de activiteiten die vooraf zijn gegaan aan; En estas situaciones, reprogramaremos of reembolsaremos el 100% de todo el dinero pagado.<\/p>\n<p><em>Activ8you se reserva el derecho de cancelar cualquier actividad programada, paquete y \/ o excursies de un d\u00eda en cualquier momento. Si surge tal situaci\u00f3n, se le notificar\u00e1 lo antes posible (por correo electr\u00f3nico). Como resultado de dicha cancelaci\u00f3n, se le reembolsar\u00e1 el 100% de todo el dinero pagado.<\/em><\/p>\n<h2>POL\u00cdTICA DE SEGUROS<\/h2>\n<p>Dit zijn activiteiten die worden uitgevoerd door een seguro de accidentes y responsabilidad civil.<\/p>\n<p>Nuestro seguro no cubre las pertenencias personales como equipo de camara, telefono m\u00f3vil, gafas de sol, ropa, etc.<\/p>\n<\/p>\n<\/p>\n<p><img decoding=\"async\" id=\"hola-icon-globe\" style=\"top: 688.4375px; left: -45px;\" src=\"safari-extension:\/\/BF19E3D5-F18A-409C-9358-15BFE05486B9\/1aee0930\/iconGlobeBlack.png\"><\/p>\n\t\t\t\t\t<\/div>\n\t\t\t\t\t\t<\/div>\n\t\t\t\t<\/div>\n\t\t\t\t\t\t<\/div>\n\t\t\t\t\t<\/div>\n\t\t<\/div>\n\t\t\t\t\t\t\t\t<\/div>\n\t\t\t\t\t<\/div>\n\t\t<\/section>\n\t\t\t\t\t\t\t\t\t<\/div>\n\t\t\t<\/div>\n\t\t\t\t\t<\/div>\n\t\t","protected":false},"excerpt":{"rendered":"<p>Voorwaarden en voorwaarden POLITIEK VAN PAGO Todos los Tours y Paquetes de Actividades, -Eventos, -Cursos, -Seminarios, -Vacaciones requieren pago de la siguiente manera: 1. Para todas las reservas de menos de 200 \u20ac, se requiere el pago total al momento de la reserva. 2. Para todas las reservas tussen 200 \u20ac en 1000 \u20ac se [&hellip;]<\/p>\n","protected":false},"author":2,"featured_media":0,"parent":0,"menu_order":102,"comment_status":"closed","ping_status":"closed","template":"","meta":{"ngg_post_thumbnail":0},"acf":[],"_links":{"self":[{"href":"https:\/\/www.a8y-dev.xyz\/nl\/wp-json\/wp\/v2\/pages\/8835"}],"collection":[{"href":"https:\/\/www.a8y-dev.xyz\/nl\/wp-json\/wp\/v2\/pages"}],"about":[{"href":"https:\/\/www.a8y-dev.xyz\/nl\/wp-json\/wp\/v2\/types\/page"}],"author":[{"embeddable":true,"href":"https:\/\/www.a8y-dev.xyz\/nl\/wp-json\/wp\/v2\/users\/2"}],"replies":[{"embeddable":true,"href":"https:\/\/www.a8y-dev.xyz\/nl\/wp-json\/wp\/v2\/comments?post=8835"}],"version-history":[{"count":0,"href":"https:\/\/www.a8y-dev.xyz\/nl\/wp-json\/wp\/v2\/pages\/8835\/revisions"}],"wp:attachment":[{"href":"https:\/\/www.a8y-dev.xyz\/nl\/wp-json\/wp\/v2\/media?parent=8835"}],"curies":[{"name":"wp","href":"https:\/\/api.w.org\/{rel}","templated":true}]}}